{"id":26,"date":"2023-02-22T22:46:42","date_gmt":"2023-02-22T21:46:42","guid":{"rendered":"https:\/\/zoominandout.fr\/?page_id=26"},"modified":"2026-01-04T17:02:41","modified_gmt":"2026-01-04T16:02:41","slug":"a-propos","status":"publish","type":"page","link":"https:\/\/zoominandout.fr\/index.php\/a-propos\/","title":{"rendered":"A propos"},"content":{"rendered":"\n<p>Je fais de l\u2019architecture un levier de valeur et de d\u00e9cision, pas un discours. Mon r\u00f4le est de rendre les syst\u00e8mes d\u2019information intelligibles afin qu\u2019ils puissent r\u00e9ellement \u00e9voluer au service de l\u2019organisation.<br><br>Ici, je partage mes r\u00e9flexions sur la pratique de l&rsquo;architecture IT, bas\u00e9es sur mes exp\u00e9riences du terrain ou celles de mes confr\u00e8res. Mon <a href=\"https:\/\/zoominandout.fr\/index.php\/2023\/02\/22\/l-architecture-it-de-pres-ou-de-loin\/\" data-type=\"post\" data-id=\"7\">premier article<\/a> du blog d\u00e9crit mon approche du m\u00e9tier et aussi explicite le nom de ce <a href=\"http:\/\/zoom-in-and-out.fr\" data-type=\"URL\" data-id=\"zoom-in-and-out.fr\">blog <\/a>et de ma <a href=\"https:\/\/www.societe.com\/societe\/zoom-in-and-out-922373568.html\" data-type=\"URL\" data-id=\"https:\/\/www.societe.com\/societe\/zoom-in-and-out-922373568.html\">soci\u00e9t\u00e9<\/a>. <br>Mon profil de comp\u00e9tences est d\u00e9crit dans mon <a href=\"https:\/\/passeport.dev\/p\/531f2c03-1fcf-4667-83e6-5c909b082f08\" target=\"_blank\" rel=\"noreferrer noopener\">Passeport Dev<\/a>.<\/p>\n\n\n\n<p>Bonne lecture !<\/p>\n\n\n\n<p>Eric Legoubin<\/p>\n\n\n\n<p>Je suis joignable sur : <a href=\"https:\/\/www.linkedin.com\/in\/legoubin\/\" data-type=\"URL\" data-id=\"https:\/\/www.linkedin.com\/in\/legoubin\/\">LinkedIn<\/a> ou par <a href=\"mailto:eric.legoubin@zoominandout.fr\">email<\/a>. Egalement, vous pouvez consulter <a href=\"https:\/\/myleafcard.com\/share\/card\/d10cf15c-8184-409b-bcdd-6c7729ce76ee\">ma carte visite digitale<\/a>.<\/p>\n\n\n\n<ul class=\"wp-block-social-links is-layout-flex wp-block-social-links-is-layout-flex\"><li class=\"wp-social-link wp-social-link-linkedin  wp-block-social-link\"><a href=\"https:\/\/www.linkedin.com\/in\/legoubin\/\" class=\"wp-block-social-link-anchor\"><svg width=\"24\" height=\"24\" viewBox=\"0 0 24 24\" version=\"1.1\" xmlns=\"http:\/\/www.w3.org\/2000\/svg\" aria-hidden=\"true\" focusable=\"false\"><path d=\"M19.7,3H4.3C3.582,3,3,3.582,3,4.3v15.4C3,20.418,3.582,21,4.3,21h15.4c0.718,0,1.3-0.582,1.3-1.3V4.3 C21,3.582,20.418,3,19.7,3z M8.339,18.338H5.667v-8.59h2.672V18.338z M7.004,8.574c-0.857,0-1.549-0.694-1.549-1.548 c0-0.855,0.691-1.548,1.549-1.548c0.854,0,1.547,0.694,1.547,1.548C8.551,7.881,7.858,8.574,7.004,8.574z M18.339,18.338h-2.669 v-4.177c0-0.996-0.017-2.278-1.387-2.278c-1.389,0-1.601,1.086-1.601,2.206v4.249h-2.667v-8.59h2.559v1.174h0.037 c0.356-0.675,1.227-1.387,2.526-1.387c2.703,0,3.203,1.779,3.203,4.092V18.338z\"><\/path><\/svg><span class=\"wp-block-social-link-label screen-reader-text\">LinkedIn<\/span><\/a><\/li><\/ul>\n","protected":false},"excerpt":{"rendered":"<p>Je fais de l\u2019architecture un levier de valeur et de d\u00e9cision, pas un discours. Mon r\u00f4le est de rendre les syst\u00e8mes d\u2019information intelligibles afin qu\u2019ils puissent r\u00e9ellement \u00e9voluer au service de l\u2019organisation. Ici, je partage mes r\u00e9flexions sur la pratique de l&rsquo;architecture IT, bas\u00e9es sur mes exp\u00e9riences du terrain ou celles de mes confr\u00e8res. Mon &hellip; <a href=\"https:\/\/zoominandout.fr\/index.php\/a-propos\/\" class=\"more-link\">Continuer la lecture<span class=\"screen-reader-text\"> de &laquo;&nbsp;A propos&nbsp;&raquo;<\/span><\/a><\/p>\n","protected":false},"author":1,"featured_media":0,"parent":0,"menu_order":0,"comment_status":"closed","ping_status":"closed","template":"","meta":{"footnotes":""},"class_list":["post-26","page","type-page","status-publish","hentry"],"_links":{"self":[{"href":"https:\/\/zoominandout.fr\/index.php\/wp-json\/wp\/v2\/pages\/26","targetHints":{"allow":["GET"]}}],"collection":[{"href":"https:\/\/zoominandout.fr\/index.php\/wp-json\/wp\/v2\/pages"}],"about":[{"href":"https:\/\/zoominandout.fr\/index.php\/wp-json\/wp\/v2\/types\/page"}],"author":[{"embeddable":true,"href":"https:\/\/zoominandout.fr\/index.php\/wp-json\/wp\/v2\/users\/1"}],"replies":[{"embeddable":true,"href":"https:\/\/zoominandout.fr\/index.php\/wp-json\/wp\/v2\/comments?post=26"}],"version-history":[{"count":10,"href":"https:\/\/zoominandout.fr\/index.php\/wp-json\/wp\/v2\/pages\/26\/revisions"}],"predecessor-version":[{"id":269,"href":"https:\/\/zoominandout.fr\/index.php\/wp-json\/wp\/v2\/pages\/26\/revisions\/269"}],"wp:attachment":[{"href":"https:\/\/zoominandout.fr\/index.php\/wp-json\/wp\/v2\/media?parent=26"}],"curies":[{"name":"wp","href":"https:\/\/api.w.org\/{rel}","templated":true}]}}